{"id":308,"date":"2020-01-13T11:17:52","date_gmt":"2020-01-13T10:17:52","guid":{"rendered":"https:\/\/demosites.io\/web-agency-gb\/?page_id=5"},"modified":"2022-03-24T17:23:05","modified_gmt":"2022-03-24T16:23:05","slug":"transporte-carga-aysen","status":"publish","type":"page","link":"https:\/\/hi-transportes.com\/","title":{"rendered":"Servicio Carga Balmaceda Coyhaique"},"content":{"rendered":"\n<div class=\"wp-block-cover alignfull is-light\" style=\"min-height:500px;aspect-ratio:unset;\"><span aria-hidden=\"true\" class=\"has-nv-dark-bg-background-color has-background-dim-30 wp-block-cover__gradient-background has-background-dim\"><\/span><img loading=\"lazy\" decoding=\"async\" width=\"1600\" height=\"816\" class=\"wp-block-cover__image-background wp-image-505\" alt=\"\" src=\"https:\/\/hi-transportes.com\/wp-content\/uploads\/2022\/03\/Balmaceda-Express.jpg\" style=\"object-position:52% 94%\" data-object-fit=\"cover\" data-object-position=\"52% 94%\" srcset=\"https:\/\/hi-transportes.com\/wp-content\/uploads\/2022\/03\/Balmaceda-Express.jpg 1600w, https:\/\/hi-transportes.com\/wp-content\/uploads\/2022\/03\/Balmaceda-Express-300x153.jpg 300w, https:\/\/hi-transportes.com\/wp-content\/uploads\/2022\/03\/Balmaceda-Express-1024x522.jpg 1024w, https:\/\/hi-transportes.com\/wp-content\/uploads\/2022\/03\/Balmaceda-Express-768x392.jpg 768w, https:\/\/hi-transportes.com\/wp-content\/uploads\/2022\/03\/Balmaceda-Express-1536x783.jpg 1536w\" sizes=\"auto, (max-width: 1600px) 100vw, 1600px\" \/><div class=\"wp-block-cover__inner-container is-layout-flow wp-block-cover-is-layout-flow\">\n<div style=\"height:11px\" aria-hidden=\"true\" class=\"wp-block-spacer\"><\/div>\n\n\n\n<h3 class=\"has-text-align-center has-nv-light-bg-color has-text-color wp-block-heading\" style=\"font-size:60px\">Somos un servicio de transporte de carga en la Regi\u00f3n de Ays\u00e9n.<\/h3>\n\n\n\n<div class=\"wp-block-columns is-layout-flex wp-container-core-columns-is-layout-9d6595d7 wp-block-columns-is-layout-flex\">\n<div class=\"wp-block-column is-layout-flow wp-block-column-is-layout-flow\" style=\"flex-basis:33.33%\"><\/div>\n\n\n\n<div class=\"wp-block-column is-layout-flow wp-block-column-is-layout-flow\" style=\"flex-basis:85%\">\n<p class=\"has-text-align-center has-text-color has-medium-font-size\" style=\"color:#e9e9eb\">Realizamos apoyo log\u00edstico en las cercan\u00edas de Coyahique, Puerto Ays\u00e9n y Balmaceda, prestando el mejor servicio de transporte en la regi\u00f3n de Ays\u00e9n.<\/p>\n<\/div>\n\n\n\n<div class=\"wp-block-column is-layout-flow wp-block-column-is-layout-flow\" style=\"flex-basis:33.33%\"><\/div>\n<\/div>\n\n\n\n<div style=\"height:36px\" aria-hidden=\"true\" class=\"wp-block-spacer\"><\/div>\n\n\n\n<div class=\"wp-block-buttons is-horizontal is-content-justification-center is-layout-flex wp-container-core-buttons-is-layout-499968f5 wp-block-buttons-is-layout-flex\">\n<div class=\"wp-block-button is-style-primary\"><a class=\"wp-block-button__link has-background\" href=\"https:\/\/hi-transportes.com\/index.php\/contacto\" style=\"border-radius:10px;background-color:#ffc473\">Cont\u00e1ctanos<\/a><\/div>\n<\/div>\n\n\n\n<div style=\"height:80px\" aria-hidden=\"true\" class=\"wp-block-spacer\"><\/div>\n\n\n\n<div style=\"height:80px\" aria-hidden=\"true\" class=\"wp-block-spacer\"><\/div>\n<\/div><\/div>\n\n\n\n<div style=\"height:30px\" aria-hidden=\"true\" class=\"wp-block-spacer\"><\/div>\n\n\n\n<div class=\"wp-block-cover alignfull is-light\" style=\"min-height:327px;aspect-ratio:unset;\"><span aria-hidden=\"true\" class=\"has-background-dim-100 wp-block-cover__gradient-background has-background-dim\" style=\"background-color:#e9e9eb\"><\/span><img loading=\"lazy\" decoding=\"async\" width=\"1536\" height=\"1152\" class=\"wp-block-cover__image-background wp-image-372\" alt=\"\" src=\"https:\/\/hi-transportes.com\/wp-content\/uploads\/2022\/03\/Coyhaique-5.1.jpg\" style=\"object-position:53% 45%\" data-object-fit=\"cover\" data-object-position=\"53% 45%\" srcset=\"https:\/\/hi-transportes.com\/wp-content\/uploads\/2022\/03\/Coyhaique-5.1.jpg 1536w, https:\/\/hi-transportes.com\/wp-content\/uploads\/2022\/03\/Coyhaique-5.1-300x225.jpg 300w, https:\/\/hi-transportes.com\/wp-content\/uploads\/2022\/03\/Coyhaique-5.1-1024x768.jpg 1024w, https:\/\/hi-transportes.com\/wp-content\/uploads\/2022\/03\/Coyhaique-5.1-768x576.jpg 768w\" sizes=\"auto, (max-width: 1536px) 100vw, 1536px\" \/><div class=\"wp-block-cover__inner-container is-layout-flow wp-block-cover-is-layout-flow\">\n<div style=\"height:51px\" aria-hidden=\"true\" class=\"wp-block-spacer\"><\/div>\n\n\n\n<div class=\"wp-block-columns is-layout-flex wp-container-core-columns-is-layout-9d6595d7 wp-block-columns-is-layout-flex\">\n<div class=\"wp-block-column is-layout-flow wp-block-column-is-layout-flow\">\n<div class=\"wp-block-image icon-style is-style-rounded\"><figure class=\"aligncenter size-full is-resized\"><img loading=\"lazy\" decoding=\"async\" src=\"https:\/\/hi-transportes.com\/wp-content\/uploads\/2022\/03\/reloj.png\" alt=\"\" class=\"wp-image-369\" width=\"85\" height=\"85\" title=\"\" srcset=\"https:\/\/hi-transportes.com\/wp-content\/uploads\/2022\/03\/reloj.png 512w, https:\/\/hi-transportes.com\/wp-content\/uploads\/2022\/03\/reloj-300x300.png 300w, https:\/\/hi-transportes.com\/wp-content\/uploads\/2022\/03\/reloj-150x150.png 150w\" sizes=\"auto, (max-width: 85px) 100vw, 85px\" \/><\/figure><\/div>\n\n\n\n<h3 class=\"has-text-align-center has-neve-text-color-color has-text-color wp-block-heading\">Puntualidad<\/h3>\n\n\n\n<p class=\"has-text-align-center\">Entregamos y recogemos conforme a los horarios comprometidos.<\/p>\n<\/div>\n\n\n\n<div class=\"wp-block-column is-layout-flow wp-block-column-is-layout-flow\">\n<div class=\"wp-block-image icon-style is-style-rounded\"><figure class=\"aligncenter size-full is-resized\"><img loading=\"lazy\" decoding=\"async\" src=\"https:\/\/hi-transportes.com\/wp-content\/uploads\/2022\/03\/care.png\" alt=\"\" class=\"wp-image-367\" width=\"85\" height=\"85\" srcset=\"https:\/\/hi-transportes.com\/wp-content\/uploads\/2022\/03\/care.png 512w, https:\/\/hi-transportes.com\/wp-content\/uploads\/2022\/03\/care-300x300.png 300w, https:\/\/hi-transportes.com\/wp-content\/uploads\/2022\/03\/care-150x150.png 150w\" sizes=\"auto, (max-width: 85px) 100vw, 85px\" \/><\/figure><\/div>\n\n\n\n<h3 class=\"has-text-align-center has-neve-text-color-color has-text-color wp-block-heading\">Cuidado<\/h3>\n\n\n\n<p class=\"has-text-align-center\">Nos preocupamos de tratar su carga con la mayor atenci\u00f3n y cuidado posible.<\/p>\n<\/div>\n\n\n\n<div class=\"wp-block-column is-layout-flow wp-block-column-is-layout-flow\">\n<div class=\"wp-block-image icon-style is-style-rounded\"><figure class=\"aligncenter size-full is-resized\"><img loading=\"lazy\" decoding=\"async\" src=\"https:\/\/hi-transportes.com\/wp-content\/uploads\/2022\/03\/struggle.png\" alt=\"\" class=\"wp-image-368\" width=\"85\" height=\"85\" srcset=\"https:\/\/hi-transportes.com\/wp-content\/uploads\/2022\/03\/struggle.png 512w, https:\/\/hi-transportes.com\/wp-content\/uploads\/2022\/03\/struggle-300x300.png 300w, https:\/\/hi-transportes.com\/wp-content\/uploads\/2022\/03\/struggle-150x150.png 150w\" sizes=\"auto, (max-width: 85px) 100vw, 85px\" \/><\/figure><\/div>\n\n\n\n<h3 class=\"has-text-align-center has-neve-text-color-color has-text-color wp-block-heading\">Compromiso<\/h3>\n\n\n\n<p class=\"has-text-align-center\">Queremos formar parte de su cadena log\u00edstica y estar comprometidos con su misi\u00f3n.<\/p>\n<\/div>\n\n\n\n<div class=\"wp-block-column is-layout-flow wp-block-column-is-layout-flow\">\n<div class=\"wp-block-image icon-style is-style-rounded\"><figure class=\"aligncenter size-full is-resized\"><img loading=\"lazy\" decoding=\"async\" src=\"https:\/\/hi-transportes.com\/wp-content\/uploads\/2022\/03\/businessman.png\" alt=\"\" class=\"wp-image-370\" width=\"85\" height=\"85\" srcset=\"https:\/\/hi-transportes.com\/wp-content\/uploads\/2022\/03\/businessman.png 512w, https:\/\/hi-transportes.com\/wp-content\/uploads\/2022\/03\/businessman-300x300.png 300w, https:\/\/hi-transportes.com\/wp-content\/uploads\/2022\/03\/businessman-150x150.png 150w\" sizes=\"auto, (max-width: 85px) 100vw, 85px\" \/><\/figure><\/div>\n\n\n\n<h3 class=\"has-text-align-center has-neve-text-color-color has-text-color wp-block-heading\">Profesionalismo<\/h3>\n\n\n\n<p class=\"has-text-align-center\">Nos tomamos nuestro trabajo seriamente. Puede confiar en que haremos lo que prometemos.<\/p>\n<\/div>\n<\/div>\n<\/div><\/div>\n\n\n\n<div style=\"height:30px\" aria-hidden=\"true\" class=\"wp-block-spacer\"><\/div>\n\n\n\n<div class=\"wp-block-cover alignfull is-light\" style=\"min-height:546px;aspect-ratio:unset;\"><span aria-hidden=\"true\" class=\"has-background-dim-0 wp-block-cover__gradient-background has-background-dim\"><\/span><img loading=\"lazy\" decoding=\"async\" width=\"2374\" height=\"883\" class=\"wp-block-cover__image-background wp-image-384\" alt=\"\" src=\"https:\/\/hi-transportes.com\/wp-content\/uploads\/2022\/03\/Screen-Shot-2022-03-14-at-21.45.46.png\" style=\"object-position:45% 40%\" data-object-fit=\"cover\" data-object-position=\"45% 40%\" srcset=\"https:\/\/hi-transportes.com\/wp-content\/uploads\/2022\/03\/Screen-Shot-2022-03-14-at-21.45.46.png 2374w, https:\/\/hi-transportes.com\/wp-content\/uploads\/2022\/03\/Screen-Shot-2022-03-14-at-21.45.46-300x112.png 300w, https:\/\/hi-transportes.com\/wp-content\/uploads\/2022\/03\/Screen-Shot-2022-03-14-at-21.45.46-1024x381.png 1024w, https:\/\/hi-transportes.com\/wp-content\/uploads\/2022\/03\/Screen-Shot-2022-03-14-at-21.45.46-768x286.png 768w, https:\/\/hi-transportes.com\/wp-content\/uploads\/2022\/03\/Screen-Shot-2022-03-14-at-21.45.46-1536x571.png 1536w, https:\/\/hi-transportes.com\/wp-content\/uploads\/2022\/03\/Screen-Shot-2022-03-14-at-21.45.46-2048x762.png 2048w\" sizes=\"auto, (max-width: 2374px) 100vw, 2374px\" \/><div class=\"wp-block-cover__inner-container is-layout-flow wp-block-cover-is-layout-flow\">\n<div class=\"wp-block-group\"><div class=\"wp-block-group__inner-container is-layout-flow wp-block-group-is-layout-flow\">\n<div class=\"wp-block-columns are-vertically-aligned-center is-layout-flex wp-container-core-columns-is-layout-9d6595d7 wp-block-columns-is-layout-flex\">\n<div class=\"wp-block-column is-layout-flow wp-block-column-is-layout-flow\" style=\"flex-basis:50%\">\n<div class=\"wp-block-buttons alignwide is-content-justification-center is-layout-flex wp-container-core-buttons-is-layout-16018d1d wp-block-buttons-is-layout-flex\">\n<div class=\"wp-block-button is-style-primary\"><a class=\"wp-block-button__link has-background\" href=\"https:\/\/hi-transportes.com\/index.php\/15c42-web-agency-gb-portfolio\/\" style=\"border-radius:10px;background-color:#ffc473\">Cotiza con nosotros<\/a><\/div>\n<\/div>\n<\/div>\n\n\n\n<div class=\"wp-block-column is-vertically-aligned-center is-layout-flow wp-block-column-is-layout-flow\" style=\"flex-basis:80%\">\n<div style=\"height:20px\" aria-hidden=\"true\" class=\"wp-block-spacer\"><\/div>\n\n\n\n<h2 class=\"has-text-align-left has-neve-text-color-color has-text-color wp-block-heading\">Conexi\u00f3n: <br>Coyhaique &#8211; Aeropuerto BBA<\/h2>\n\n\n\n<p class=\"has-text-align-left has-neve-text-color-color has-text-color\" style=\"font-size:17px\">Nos especializamos en transportar carga desde y hacia el Aeropuerto de Balmaceda, para as\u00ed conectar env\u00edos entre la Regi\u00f3n de Ays\u00e9n con Chile y el mundo.<\/p>\n<\/div>\n<\/div>\n\n\n\n<div style=\"height:40px\" aria-hidden=\"true\" class=\"wp-block-spacer\"><\/div>\n<\/div><\/div>\n<\/div><\/div>\n\n\n\n<div style=\"height:30px\" aria-hidden=\"true\" class=\"wp-block-spacer\"><\/div>\n\n\n\n<div class=\"wp-block-cover alignfull is-light\" style=\"min-height:600px;aspect-ratio:unset;\"><span aria-hidden=\"true\" class=\"has-background-dim-100 wp-block-cover__gradient-background has-background-dim\" style=\"background-color:#88abcc\"><\/span><div class=\"wp-block-cover__inner-container is-layout-flow wp-block-cover-is-layout-flow\">\n<div class=\"wp-block-group\"><div class=\"wp-block-group__inner-container is-layout-flow wp-block-group-is-layout-flow\">\n<div style=\"height:80px\" aria-hidden=\"true\" class=\"wp-block-spacer\"><\/div>\n\n\n\n<div class=\"wp-block-columns are-vertically-aligned-center is-layout-flex wp-container-core-columns-is-layout-9d6595d7 wp-block-columns-is-layout-flex\">\n<div class=\"wp-block-column is-vertically-aligned-center is-layout-flow wp-block-column-is-layout-flow\" style=\"flex-basis:50%\">\n<figure class=\"wp-block-gallery has-nested-images columns-default is-cropped wp-block-gallery-1 is-layout-flex wp-block-gallery-is-layout-flex\">\n<figure class=\"wp-block-image size-large\"><img loading=\"lazy\" decoding=\"async\" width=\"576\" height=\"1024\" data-id=\"433\" src=\"https:\/\/hi-transportes.com\/wp-content\/uploads\/2022\/03\/WhatsApp-Image-2022-02-22-at-8.28.21-PM-576x1024.jpeg\" alt=\"\" class=\"wp-image-433\" srcset=\"https:\/\/hi-transportes.com\/wp-content\/uploads\/2022\/03\/WhatsApp-Image-2022-02-22-at-8.28.21-PM-576x1024.jpeg 576w, https:\/\/hi-transportes.com\/wp-content\/uploads\/2022\/03\/WhatsApp-Image-2022-02-22-at-8.28.21-PM-169x300.jpeg 169w, https:\/\/hi-transportes.com\/wp-content\/uploads\/2022\/03\/WhatsApp-Image-2022-02-22-at-8.28.21-PM.jpeg 720w\" sizes=\"auto, (max-width: 576px) 100vw, 576px\" \/><\/figure>\n\n\n\n<figure class=\"wp-block-image size-large\"><img loading=\"lazy\" decoding=\"async\" width=\"576\" height=\"1024\" data-id=\"432\" src=\"https:\/\/hi-transportes.com\/wp-content\/uploads\/2022\/03\/WhatsApp-Image-2022-02-22-at-8.28.21-PM2-576x1024.jpeg\" alt=\"\" class=\"wp-image-432\" srcset=\"https:\/\/hi-transportes.com\/wp-content\/uploads\/2022\/03\/WhatsApp-Image-2022-02-22-at-8.28.21-PM2-576x1024.jpeg 576w, https:\/\/hi-transportes.com\/wp-content\/uploads\/2022\/03\/WhatsApp-Image-2022-02-22-at-8.28.21-PM2-169x300.jpeg 169w, https:\/\/hi-transportes.com\/wp-content\/uploads\/2022\/03\/WhatsApp-Image-2022-02-22-at-8.28.21-PM2.jpeg 720w\" sizes=\"auto, (max-width: 576px) 100vw, 576px\" \/><\/figure>\n\n\n\n<figure class=\"wp-block-image size-large\"><img loading=\"lazy\" decoding=\"async\" width=\"576\" height=\"1024\" data-id=\"434\" src=\"https:\/\/hi-transportes.com\/wp-content\/uploads\/2022\/03\/WhatsApp-Image-2022-02-22-at-8.28.21-PM31-576x1024.jpeg\" alt=\"\" class=\"wp-image-434\" srcset=\"https:\/\/hi-transportes.com\/wp-content\/uploads\/2022\/03\/WhatsApp-Image-2022-02-22-at-8.28.21-PM31-576x1024.jpeg 576w, https:\/\/hi-transportes.com\/wp-content\/uploads\/2022\/03\/WhatsApp-Image-2022-02-22-at-8.28.21-PM31-169x300.jpeg 169w, https:\/\/hi-transportes.com\/wp-content\/uploads\/2022\/03\/WhatsApp-Image-2022-02-22-at-8.28.21-PM31.jpeg 720w\" sizes=\"auto, (max-width: 576px) 100vw, 576px\" \/><\/figure>\n<\/figure>\n<\/div>\n\n\n\n<div class=\"wp-block-column is-vertically-aligned-center is-layout-flow wp-block-column-is-layout-flow\" style=\"flex-basis:50%\">\n<h2 class=\"has-text-align-left has-neve-text-color-color has-text-color wp-block-heading\">Flota dedicada al transporte de carga<\/h2>\n\n\n\n<p class=\"has-text-align-left has-neve-text-color-color has-text-color\" style=\"font-size:17px\">Contamos con una flota renovada y especializada en el transporte de carga, con el 100% de nuestros veh\u00edculos siendo a\u00f1o 2022. Esto nos permite entregar un servicio fiable y seguro: con nosotros su carga llegar\u00e1 a tiempo y sin percances.<\/p>\n\n\n\n<div style=\"height:40px\" aria-hidden=\"true\" class=\"wp-block-spacer\"><\/div>\n<\/div>\n<\/div>\n\n\n\n<div style=\"height:40px\" aria-hidden=\"true\" class=\"wp-block-spacer\"><\/div>\n<\/div><\/div>\n<\/div><\/div>\n\n\n\n<div style=\"height:30px\" aria-hidden=\"true\" class=\"wp-block-spacer\"><\/div>\n\n\n\n<div class=\"wp-block-cover alignfull is-light\" style=\"min-height:600px;aspect-ratio:unset;\"><span aria-hidden=\"true\" class=\"has-background-dim-100 wp-block-cover__gradient-background has-background-dim\" style=\"background-color:#e9e9eb\"><\/span><div class=\"wp-block-cover__inner-container is-layout-flow wp-block-cover-is-layout-flow\">\n<div class=\"wp-block-group\"><div class=\"wp-block-group__inner-container is-layout-flow wp-block-group-is-layout-flow\">\n<div style=\"height:80px\" aria-hidden=\"true\" class=\"wp-block-spacer\"><\/div>\n\n\n\n<div class=\"wp-block-columns are-vertically-aligned-center is-layout-flex wp-container-core-columns-is-layout-9d6595d7 wp-block-columns-is-layout-flex\">\n<div class=\"wp-block-column is-vertically-aligned-center is-layout-flow wp-block-column-is-layout-flow\" style=\"flex-basis:50%\">\n<h2 class=\"has-text-align-left has-neve-text-color-color has-text-color wp-block-heading\">Transporte <em>Punto a Punto<\/em><\/h2>\n\n\n\n<p class=\"has-text-align-left has-neve-text-color-color has-text-color\" style=\"font-size:17px\">Ofrecemos tambi\u00e9n servicios de transporte <em>punto a punto<\/em>, ajust\u00e1ndonos as\u00ed a las necesidades espec\u00edficas del cliente.<\/p>\n\n\n\n<p class=\"has-text-align-left has-neve-text-color-color has-text-color\" style=\"font-size:17px\">Entre estos servicios se encuentran la conexi\u00f3n entre Puerto Ays\u00e9n y Coyhaique, servicios de flete dentro de una misma ciudad, programas de carga y m\u00e1s.<\/p>\n\n\n\n<div class=\"wp-block-buttons alignwide is-content-justification-center is-layout-flex wp-container-core-buttons-is-layout-16018d1d wp-block-buttons-is-layout-flex\">\n<div class=\"wp-block-button is-style-primary\"><a class=\"wp-block-button__link\" href=\"https:\/\/hi-transportes.com\/index.php\/15c42-web-agency-gb-portfolio\/\" style=\"border-radius:10px\">Cotiza con nosotros<\/a><\/div>\n<\/div>\n\n\n\n<div style=\"height:40px\" aria-hidden=\"true\" class=\"wp-block-spacer\"><\/div>\n<\/div>\n\n\n\n<div class=\"wp-block-column is-vertically-aligned-center is-layout-flow wp-block-column-is-layout-flow\" style=\"flex-basis:50%\">\n<figure class=\"wp-block-image size-large\"><img loading=\"lazy\" decoding=\"async\" width=\"720\" height=\"720\" src=\"https:\/\/hi-transportes.com\/wp-content\/uploads\/2022\/03\/Sin-nombre2-edited-1.jpg\" alt=\"\" class=\"wp-image-392\" srcset=\"https:\/\/hi-transportes.com\/wp-content\/uploads\/2022\/03\/Sin-nombre2-edited-1.jpg 720w, https:\/\/hi-transportes.com\/wp-content\/uploads\/2022\/03\/Sin-nombre2-edited-1-300x300.jpg 300w, https:\/\/hi-transportes.com\/wp-content\/uploads\/2022\/03\/Sin-nombre2-edited-1-150x150.jpg 150w\" sizes=\"auto, (max-width: 720px) 100vw, 720px\" \/><\/figure>\n<\/div>\n<\/div>\n\n\n\n<div style=\"height:40px\" aria-hidden=\"true\" class=\"wp-block-spacer\"><\/div>\n<\/div><\/div>\n<\/div><\/div>\n\n\n\n<div style=\"height:30px\" aria-hidden=\"true\" class=\"wp-block-spacer\"><\/div>\n\n\n\n<div class=\"wp-block-cover alignfull is-light\" style=\"min-height:204px;aspect-ratio:unset;\"><span aria-hidden=\"true\" class=\"has-background-dim-100 wp-block-cover__gradient-background has-background-dim\" style=\"background-color:#ffe5c0\"><\/span><div class=\"wp-block-cover__inner-container is-layout-flow wp-block-cover-is-layout-flow\">\n<h2 class=\"alignwide has-text-align-center has-nv-dark-bg-color has-text-color wp-block-heading\"><em>Queremos ser tu socio log\u00edstico en la XI Regi\u00f3n.<\/em><\/h2>\n<\/div><\/div>\n\n\n\n<p><\/p>\n","protected":false},"excerpt":{"rendered":"","protected":false},"author":1,"featured_media":0,"parent":0,"menu_order":0,"comment_status":"closed","ping_status":"closed","template":"","meta":{"neve_meta_sidebar":"default","neve_meta_container":"default","neve_meta_enable_content_width":"on","neve_meta_content_width":100,"neve_meta_title_alignment":"","neve_meta_author_avatar":"","neve_post_elements_order":"","neve_meta_disable_header":"","neve_meta_disable_footer":"","neve_meta_disable_title":"on","_ti_tpc_template_sync":false,"_ti_tpc_template_id":"cwhkd9lki581rusuhjti","footnotes":""},"class_list":["post-308","page","type-page","status-publish","hentry"],"_links":{"self":[{"href":"https:\/\/hi-transportes.com\/index.php\/wp-json\/wp\/v2\/pages\/308","targetHints":{"allow":["GET"]}}],"collection":[{"href":"https:\/\/hi-transportes.com\/index.php\/wp-json\/wp\/v2\/pages"}],"about":[{"href":"https:\/\/hi-transportes.com\/index.php\/wp-json\/wp\/v2\/types\/page"}],"author":[{"embeddable":true,"href":"https:\/\/hi-transportes.com\/index.php\/wp-json\/wp\/v2\/users\/1"}],"replies":[{"embeddable":true,"href":"https:\/\/hi-transportes.com\/index.php\/wp-json\/wp\/v2\/comments?post=308"}],"version-history":[{"count":36,"href":"https:\/\/hi-transportes.com\/index.php\/wp-json\/wp\/v2\/pages\/308\/revisions"}],"predecessor-version":[{"id":506,"href":"https:\/\/hi-transportes.com\/index.php\/wp-json\/wp\/v2\/pages\/308\/revisions\/506"}],"wp:attachment":[{"href":"https:\/\/hi-transportes.com\/index.php\/wp-json\/wp\/v2\/media?parent=308"}],"curies":[{"name":"wp","href":"https:\/\/api.w.org\/{rel}","templated":true}]}}