{"id":61,"date":"2020-01-23T18:21:52","date_gmt":"2020-01-23T18:21:52","guid":{"rendered":"https:\/\/demosites.io\/web-agency-gb\/?page_id=61"},"modified":"2022-03-18T00:33:49","modified_gmt":"2022-03-17T23:33:49","slug":"sobre-nosotros","status":"publish","type":"page","link":"https:\/\/hi-transportes.com\/index.php\/sobre-nosotros\/","title":{"rendered":"Sobre nosotros"},"content":{"rendered":"\n<div class=\"wp-block-image\"><figure class=\"aligncenter size-large is-resized\"><img loading=\"lazy\" decoding=\"async\" src=\"https:\/\/hi-transportes.com\/wp-content\/uploads\/2022\/03\/logo-V7-puro-1024x522.png\" alt=\"\" class=\"wp-image-457\" width=\"562\" height=\"286\" srcset=\"https:\/\/hi-transportes.com\/wp-content\/uploads\/2022\/03\/logo-V7-puro-1024x522.png 1024w, https:\/\/hi-transportes.com\/wp-content\/uploads\/2022\/03\/logo-V7-puro-300x153.png 300w, https:\/\/hi-transportes.com\/wp-content\/uploads\/2022\/03\/logo-V7-puro-768x391.png 768w, https:\/\/hi-transportes.com\/wp-content\/uploads\/2022\/03\/logo-V7-puro-1536x783.png 1536w, https:\/\/hi-transportes.com\/wp-content\/uploads\/2022\/03\/logo-V7-puro-2048x1044.png 2048w\" sizes=\"auto, (max-width: 562px) 100vw, 562px\" \/><\/figure><\/div>\n\n\n\n<div class=\"wp-block-cover alignfull\" style=\"min-height:600px;aspect-ratio:unset;\"><span aria-hidden=\"true\" class=\"has-nv-light-bg-background-color has-background-dim-100 wp-block-cover__gradient-background has-background-dim\"><\/span><div class=\"wp-block-cover__inner-container is-layout-flow wp-block-cover-is-layout-flow\">\n<div class=\"wp-block-group\"><div class=\"wp-block-group__inner-container is-layout-flow wp-block-group-is-layout-flow\">\n<div class=\"wp-block-columns are-vertically-aligned-center is-layout-flex wp-container-core-columns-is-layout-9d6595d7 wp-block-columns-is-layout-flex\">\n<div class=\"wp-block-column is-vertically-aligned-center is-layout-flow wp-block-column-is-layout-flow\" style=\"flex-basis:50%\">\n<div class=\"wp-block-image\"><figure class=\"aligncenter size-large\"><img loading=\"lazy\" decoding=\"async\" width=\"1024\" height=\"683\" src=\"https:\/\/hi-transportes.com\/wp-content\/uploads\/2022\/03\/Coyhaique-4-1024x683.jpg\" alt=\"\" class=\"wp-image-442\" srcset=\"https:\/\/hi-transportes.com\/wp-content\/uploads\/2022\/03\/Coyhaique-4-1024x683.jpg 1024w, https:\/\/hi-transportes.com\/wp-content\/uploads\/2022\/03\/Coyhaique-4-300x200.jpg 300w, https:\/\/hi-transportes.com\/wp-content\/uploads\/2022\/03\/Coyhaique-4-768x512.jpg 768w, https:\/\/hi-transportes.com\/wp-content\/uploads\/2022\/03\/Coyhaique-4-1536x1024.jpg 1536w, https:\/\/hi-transportes.com\/wp-content\/uploads\/2022\/03\/Coyhaique-4-2048x1365.jpg 2048w, https:\/\/hi-transportes.com\/wp-content\/uploads\/2022\/03\/Coyhaique-4-930x620.jpg 930w\" sizes=\"auto, (max-width: 1024px) 100vw, 1024px\" \/><\/figure><\/div>\n<\/div>\n\n\n\n<div class=\"wp-block-column is-vertically-aligned-center is-layout-flow wp-block-column-is-layout-flow\" style=\"flex-basis:50%\">\n<h2 class=\"has-text-align-center has-neve-text-color-color has-text-color wp-block-heading\">Nuestra historia<\/h2>\n\n\n\n<p class=\"has-neve-text-color-color has-text-color\">HI Transportes Express nace para atender una necesidad en particular: proveer un servicio confiable de transporte terrestre de carga en la Regi\u00f3n de Ays\u00e9n.<\/p>\n\n\n\n<p class=\"has-neve-text-color-color has-text-color\">En base a lo anterior, comenzamos atendiendo necesidades de transporte <em>punto a punto<\/em> dentro de la ciudad de Coyhaique. Hoy por hoy no nos limitamos s\u00f3lo a prestar este servicio, sino que tambi\u00e9n ofrecemos atender programas de carga, conectamos Coyaique con otras ciudades y localidades de la regi\u00f3n y, tambi\u00e9n, prestamos servicio de primera y \u00faltima milla a distintos clientes.<\/p>\n\n\n\n<p class=\"has-nv-dark-bg-color has-text-color\">Lo que queremos lograr en el futuro es seguir creciendo. Queremos convertirnos en el socio log\u00edstico terrestre m\u00e1s importante de la Regi\u00f3n de Ays\u00e9n, para lo cual trabajamos con entusiasmo y compromiso, con el fin de entregar un servicio confiable, profesional y seguro.<\/p>\n<\/div>\n<\/div>\n<\/div><\/div>\n<\/div><\/div>\n","protected":false},"excerpt":{"rendered":"","protected":false},"author":1,"featured_media":0,"parent":0,"menu_order":0,"comment_status":"closed","ping_status":"closed","template":"","meta":{"neve_meta_sidebar":"default","neve_meta_container":"default","neve_meta_enable_content_width":"on","neve_meta_content_width":100,"neve_meta_title_alignment":"","neve_meta_author_avatar":"","neve_post_elements_order":"","neve_meta_disable_header":"","neve_meta_disable_footer":"","neve_meta_disable_title":"on","_ti_tpc_template_sync":false,"_ti_tpc_template_id":"0qhau2t6eoekosrgo1a2","footnotes":""},"class_list":["post-61","page","type-page","status-publish","hentry"],"_links":{"self":[{"href":"https:\/\/hi-transportes.com\/index.php\/wp-json\/wp\/v2\/pages\/61","targetHints":{"allow":["GET"]}}],"collection":[{"href":"https:\/\/hi-transportes.com\/index.php\/wp-json\/wp\/v2\/pages"}],"about":[{"href":"https:\/\/hi-transportes.com\/index.php\/wp-json\/wp\/v2\/types\/page"}],"author":[{"embeddable":true,"href":"https:\/\/hi-transportes.com\/index.php\/wp-json\/wp\/v2\/users\/1"}],"replies":[{"embeddable":true,"href":"https:\/\/hi-transportes.com\/index.php\/wp-json\/wp\/v2\/comments?post=61"}],"version-history":[{"count":9,"href":"https:\/\/hi-transportes.com\/index.php\/wp-json\/wp\/v2\/pages\/61\/revisions"}],"predecessor-version":[{"id":487,"href":"https:\/\/hi-transportes.com\/index.php\/wp-json\/wp\/v2\/pages\/61\/revisions\/487"}],"wp:attachment":[{"href":"https:\/\/hi-transportes.com\/index.php\/wp-json\/wp\/v2\/media?parent=61"}],"curies":[{"name":"wp","href":"https:\/\/api.w.org\/{rel}","templated":true}]}}