{"id":69,"date":"2020-01-27T08:05:29","date_gmt":"2020-01-27T08:05:29","guid":{"rendered":"https:\/\/demosites.io\/web-agency-gb\/?page_id=69"},"modified":"2022-03-25T00:31:36","modified_gmt":"2022-03-24T23:31:36","slug":"cotizar","status":"publish","type":"page","link":"https:\/\/hi-transportes.com\/index.php\/cotizar\/","title":{"rendered":"Cotizaci\u00f3n"},"content":{"rendered":"\n<div class=\"wp-block-cover alignfull\" style=\"min-height:300px;aspect-ratio:unset;\"><span aria-hidden=\"true\" class=\"has-nv-site-bg-background-color has-background-dim-100 wp-block-cover__gradient-background has-background-dim\"><\/span><div class=\"wp-block-cover__inner-container is-layout-flow wp-block-cover-is-layout-flow\">\n<div class=\"wp-block-group\"><div class=\"wp-block-group__inner-container is-layout-flow wp-block-group-is-layout-flow\">\n<h1 class=\"has-text-align-left has-neve-text-color-color has-text-color wp-block-heading\">Cotice nuestro servicio de transporte de carga.<\/h1>\n<\/div><\/div>\n<\/div><\/div>\n\n\n\n<div class=\"wp-block-cover alignfull\" style=\"min-height:72px;aspect-ratio:unset;\"><span aria-hidden=\"true\" class=\"has-nv-dark-bg-background-color has-background-dim-100 wp-block-cover__gradient-background has-background-dim\"><\/span><div class=\"wp-block-cover__inner-container is-layout-flow wp-block-cover-is-layout-flow\">\n<div style=\"height:10px\" aria-hidden=\"true\" class=\"wp-block-spacer\"><\/div>\n\n\n\n<p class=\"has-text-align-center has-nv-text-dark-bg-color has-text-color\" style=\"font-size:26px\">Por favor, complete los siguientes campos para poder ofrecerle una cotizaci\u00f3n de nuestro servicio:<\/p>\n<\/div><\/div>\n\n\n<link rel=\"stylesheet\" property=\"stylesheet\" href=\"https:\/\/hi-transportes.com\/wp-content\/plugins\/happyforms\/core\/assets\/css\/color.css?ver=1.14.2\" \/><link rel=\"stylesheet\" property=\"stylesheet\" href=\"https:\/\/hi-transportes.com\/wp-content\/plugins\/happyforms\/core\/assets\/css\/layout.css?ver=1.14.2\" \/>\t<!-- HappyForms CSS variables -->\n\t<style>\n\t#happyforms-488 {\n\t\t--happyforms-form-title-font-size: 32px;\n--happyforms-part-title-font-size: 16px;\n--happyforms-part-description-font-size: 12px;\n--happyforms-part-value-font-size: 16px;\n--happyforms-submit-button-font-size: 16px;\n--happyforms-color-primary: #000000;\n--happyforms-color-success-notice: #ebf9f0;\n--happyforms-color-success-notice-text: #020000;\n--happyforms-color-error: #020000;\n--happyforms-color-error-notice: #ffeeea;\n--happyforms-color-error-notice-text: #000000;\n--happyforms-color-part-title: #000000;\n--happyforms-color-part-value: #000000;\n--happyforms-color-part-placeholder: #888888;\n--happyforms-color-part-description: #454545;\n--happyforms-color-part-border: #dbdbdb;\n--happyforms-color-part-border-focus: #7aa4ff;\n--happyforms-color-part-background: #ffffff;\n--happyforms-color-part-background-focus: #ffffff;\n--happyforms-color-submit-background: #000000;\n--happyforms-color-submit-background-hover: #000000;\n--happyforms-color-submit-border: transparent;\n--happyforms-color-submit-text: #ffffff;\n--happyforms-color-submit-text-hover: #ffffff;\n--happyforms-color-rating: #cccccc;\n--happyforms-color-rating-hover: #000000;\n--happyforms-color-table-row-odd: #fcfcfc;\n--happyforms-color-table-row-even: #efefef;\n--happyforms-color-table-row-odd-text: #000000;\n--happyforms-color-table-row-even-text: #000000;\n--happyforms-color-divider-hr: #cccccc;\n--happyforms-color-choice-checkmark-bg: #ffffff;\n--happyforms-color-choice-checkmark-bg-focus: #000000;\n--happyforms-color-choice-checkmark-color: #ffffff;\n--happyforms-color-dropdown-item-bg: #ffffff;\n--happyforms-color-dropdown-item-text: #000000;\n--happyforms-color-dropdown-item-bg-hover: #f4f4f5;\n--happyforms-color-dropdown-item-text-hover: #000000;\n\t}\n\t<\/style>\n\t<!-- End of HappyForms CSS variables -->\n\t\t<!-- HappyForms Additional CSS -->\n\t<style data-happyforms-additional-css>\n\t\t<\/style>\n\t<!-- End of HappyForms Additional CSS -->\n\t\t\t<link rel=\"stylesheet\" type=\"text\/css\" href=\"https:\/\/hi-transportes.com\/wp-content\/plugins\/happyforms\/core\/assets\/css\/no-interaction.css\">\n\t\t<div class=\"happyforms-form happyforms-styles happyforms-form--padding-wide\" id=\"happyforms-488\">\n\t\t\n\t<form action=\"\" id=\"happyforms-form-488\" method=\"post\" novalidate=\"true\" autocomplete=\"off\">\n\t\t\n\t\t\t<input type=\"hidden\" name=\"action\" value=\"happyforms_message\">\n\t\t\t\t<input type=\"hidden\" name=\"happyforms_form_id\" value=\"488\" \/>\n\t\t\t\t<input type=\"hidden\" name=\"happyforms_step\" value=\"0\" \/>\n\t\n\t\t<div class=\"happyforms-flex\">\n\t\t\t\t<input type=\"text\" name=\"488-single_line_text\" style=\"position:absolute;left:-5000px;\" tabindex=\"-1\" autocomplete=\"off\"> <span class=\"screen-reader-text\">Leave this field blank<\/span>\n\t\t\t\t\t\t\t\t\t\t<div class=\"happyforms-form__part happyforms-part happyforms-part--single_line_text happyforms-part--width-full happyforms-part--label-show\" id=\"happyforms-488_single_line_text_0-part\" data-happyforms-type=\"single_line_text\" data-happyforms-id=\"single_line_text_0\" data-happyforms-required=\"\">\n\t<div class=\"happyforms-part-wrap\">\n\t\t\n\t\t\t\t\t\t<div class=\"happyforms-part__label-container\">\n\t\t\t\t<label for=\"happyforms-488_single_line_text_0\" class=\"happyforms-part__label\">\n\t\t\t<span class=\"label\">\u00bfC\u00f3mo se llama?<\/span>\n\t\t\t\t\t\t\t\t\t\t<span class=\"happyforms-required\">(obligatorio)<\/span>\n\t\t\t\t\t\t\t\t\t\t<span class=\"happyforms-optional\"><\/span>\n\t\t\t\t\t<\/label>\n\t\t\t<\/div>\n\t\t\t\n\t\t\n\t\t<div class=\"happyforms-part__el\">\n\t\t\t\n\t\t\t\n\t\t\t<div class=\"happyforms-input\">\n\t\t\t\t\n\t\t\t\t<input id=\"happyforms-488_single_line_text_0\" type=\"text\" name=\"488_single_line_text_0\" value=\"\" placeholder=\"Nombre Apellido\" autocomplete=\"off\" spellcheck=\"false\"  autocorrect=\"off\" \/>\n\t\t\t\t\t\t\t<\/div>\n\n\t\t\t\n\t\t\t\n\t\t\t\t\t<\/div>\n\t<\/div>\n<\/div>\n<div class=\"happyforms-form__part happyforms-part happyforms-part--single_line_text happyforms-part--width-full happyforms-part--label-show\" id=\"happyforms-488_single_line_text_9-part\" data-happyforms-type=\"single_line_text\" data-happyforms-id=\"single_line_text_9\">\n\t<div class=\"happyforms-part-wrap\">\n\t\t\n\t\t\t\t\t\t<div class=\"happyforms-part__label-container\">\n\t\t\t\t<label for=\"happyforms-488_single_line_text_9\" class=\"happyforms-part__label\">\n\t\t\t<span class=\"label\">\u00bfCu\u00e1l es su empresa?<\/span>\n\t\t\t\t\t\t\t\t\t\t<span class=\"happyforms-required\">(obligatorio)<\/span>\n\t\t\t\t\t\t\t\t\t\t<span class=\"happyforms-optional\"><\/span>\n\t\t\t\t\t<\/label>\n\t\t\t<\/div>\n\t\t\t\n\t\t\n\t\t<div class=\"happyforms-part__el\">\n\t\t\t\n\t\t\t\n\t\t\t<div class=\"happyforms-input\">\n\t\t\t\t\n\t\t\t\t<input id=\"happyforms-488_single_line_text_9\" type=\"text\" name=\"488_single_line_text_9\" value=\"\" placeholder=\"Nombre de empresa\" autocomplete=\"off\" spellcheck=\"false\"  autocorrect=\"off\" \/>\n\t\t\t\t\t\t\t<\/div>\n\n\t\t\t\n\t\t\t\n\t\t\t\t\t<\/div>\n\t<\/div>\n<\/div>\n<div class=\"happyforms-part--with-autocomplete happyforms-form__part happyforms-part happyforms-part--email happyforms-part--width-half happyforms-part--label-show\" id=\"happyforms-488_email_1-part\" data-happyforms-type=\"email\" data-happyforms-id=\"email_1\" data-happyforms-required=\"\">\n\t\t<div class=\"happyforms-part-wrap\">\n\t\t\t\t\t\t<div class=\"happyforms-part__label-container\">\n\t\t\t\t<label for=\"happyforms-488_email_1\" class=\"happyforms-part__label\">\n\t\t\t<span class=\"label\">\u00bfCu\u00e1l es su correo?<\/span>\n\t\t\t\t\t\t\t\t\t\t<span class=\"happyforms-required\">(obligatorio)<\/span>\n\t\t\t\t\t\t\t\t\t\t<span class=\"happyforms-optional\"><\/span>\n\t\t\t\t\t<\/label>\n\t\t\t<\/div>\n\t\t\t\n\t\t<span class=\"happyforms-part__description\">Es para poder enviarle la cotizaci\u00f3n.<\/span>\n\t\t<div class=\"happyforms-part__el\">\n\t\t\t\n\t\t\t\n\t\t\t<div class=\"happyforms-input\">\n\t\t\t\t<input type=\"email\" name=\"488_email_1\" id=\"happyforms-488_email_1\" value=\"\" placeholder=\"\" autocomplete=\"off\" spellcheck=\"false\"  autocorrect=\"off\" \/>\n\t\t\t\t\t\t\t<\/div>\n\n\t\t\t\n\t\t\t\n\t\t\t\t\t<\/div>\n\t<\/div>\n<\/div>\n<div class=\"happyforms-form__part happyforms-part happyforms-part--single_line_text happyforms-part--width-half happyforms-part--label-show\" id=\"happyforms-488_single_line_text_2-part\" data-happyforms-type=\"single_line_text\" data-happyforms-id=\"single_line_text_2\">\n\t<div class=\"happyforms-part-wrap\">\n\t\t\n\t\t\t\t\t\t<div class=\"happyforms-part__label-container\">\n\t\t\t\t<label for=\"happyforms-488_single_line_text_2\" class=\"happyforms-part__label\">\n\t\t\t<span class=\"label\">\u00bfCu\u00e1l es su n\u00famero de tel\u00e9fono?<\/span>\n\t\t\t\t\t\t\t\t\t\t<span class=\"happyforms-required\">(obligatorio)<\/span>\n\t\t\t\t\t\t\t\t\t\t<span class=\"happyforms-optional\"><\/span>\n\t\t\t\t\t<\/label>\n\t\t\t<\/div>\n\t\t\t\n\t\t<span class=\"happyforms-part__description\">Es para poder conversar en caso de ser necesario.<\/span>\n\t\t<div class=\"happyforms-part__el\">\n\t\t\t\n\t\t\t\n\t\t\t<div class=\"happyforms-input\">\n\t\t\t\t\n\t\t\t\t<input id=\"happyforms-488_single_line_text_2\" type=\"text\" name=\"488_single_line_text_2\" value=\"\" placeholder=\"+56 X XXXX XXXX\" autocomplete=\"off\" spellcheck=\"false\"  autocorrect=\"off\" \/>\n\t\t\t\t\t\t\t<\/div>\n\n\t\t\t\n\t\t\t\n\t\t\t\t\t<\/div>\n\t<\/div>\n<\/div>\n<div class=\"happyforms-form__part happyforms-part happyforms-part--number happyforms-part--width-half happyforms-part--label-show\" id=\"happyforms-488_number_10-part\" data-happyforms-type=\"number\" data-happyforms-id=\"number_10\" data-happyforms-required=\"\">\n\t<div class=\"happyforms-part-wrap\">\n\t\t\n\t\t\t\t\t\t<div class=\"happyforms-part__label-container\">\n\t\t\t\t<label for=\"happyforms-488_number_10\" class=\"happyforms-part__label\">\n\t\t\t<span class=\"label\">\u00bfCu\u00e1ntos KG de carga quiere transportar?<\/span>\n\t\t\t\t\t\t\t\t\t\t<span class=\"happyforms-required\">(obligatorio)<\/span>\n\t\t\t\t\t\t\t\t\t\t<span class=\"happyforms-optional\"><\/span>\n\t\t\t\t\t<\/label>\n\t\t\t<\/div>\n\t\t\t\n\t\t\n\t\t<div class=\"happyforms-part__el\">\n\t\t\t\n\t\t\t\n\t\t\t<div class=\"happyforms-input\">\n\t\t\t\t\t\t\t\t<input id=\"happyforms-488_number_10\" type=\"number\" value=\"\" name=\"488_number_10\" placeholder=\"Colocar peso en Kilogramos.\" min=\"0\" max=\"100000\" step=\"1\" autocomplete=\"off\" spellcheck=\"false\" \/>\n\t\t\t\t\t\t\t<\/div>\n\n\t\t\t\n\t\t\t\n\t\t\t\t\t<\/div>\n\t<\/div>\n<\/div>\n<div class=\"happyforms-form__part happyforms-part happyforms-part--single_line_text happyforms-part--width-half happyforms-part--label-show\" id=\"happyforms-488_single_line_text_11-part\" data-happyforms-type=\"single_line_text\" data-happyforms-id=\"single_line_text_11\" data-happyforms-required=\"\">\n\t<div class=\"happyforms-part-wrap\">\n\t\t\n\t\t\t\t\t\t<div class=\"happyforms-part__label-container\">\n\t\t\t\t<label for=\"happyforms-488_single_line_text_11\" class=\"happyforms-part__label\">\n\t\t\t<span class=\"label\">\u00bfQu\u00e9 dimensiones tiene su carga?<\/span>\n\t\t\t\t\t\t\t\t\t\t<span class=\"happyforms-required\">(obligatorio)<\/span>\n\t\t\t\t\t\t\t\t\t\t<span class=\"happyforms-optional\"><\/span>\n\t\t\t\t\t<\/label>\n\t\t\t<\/div>\n\t\t\t\n\t\t\n\t\t<div class=\"happyforms-part__el\">\n\t\t\t\n\t\t\t\n\t\t\t<div class=\"happyforms-input\">\n\t\t\t\t\n\t\t\t\t<input id=\"happyforms-488_single_line_text_11\" type=\"text\" name=\"488_single_line_text_11\" value=\"\" placeholder=\"Alto x Ancho x Largo\" autocomplete=\"off\" spellcheck=\"false\"  autocorrect=\"off\" \/>\n\t\t\t\t\t\t\t<\/div>\n\n\t\t\t\n\t\t\t\n\t\t\t\t\t<\/div>\n\t<\/div>\n<\/div>\n<div class=\"happyforms-form__part happyforms-part happyforms-part--single_line_text happyforms-part--width-full happyforms-part--label-show\" id=\"happyforms-488_single_line_text_12-part\" data-happyforms-type=\"single_line_text\" data-happyforms-id=\"single_line_text_12\">\n\t<div class=\"happyforms-part-wrap\">\n\t\t\n\t\t\t\t\t\t<div class=\"happyforms-part__label-container\">\n\t\t\t\t<label for=\"happyforms-488_single_line_text_12\" class=\"happyforms-part__label\">\n\t\t\t<span class=\"label\">\u00bfCu\u00e1l es el origen de la carga?<\/span>\n\t\t\t\t\t\t\t\t\t\t<span class=\"happyforms-required\">(obligatorio)<\/span>\n\t\t\t\t\t\t\t\t\t\t<span class=\"happyforms-optional\"><\/span>\n\t\t\t\t\t<\/label>\n\t\t\t<\/div>\n\t\t\t\n\t\t\n\t\t<div class=\"happyforms-part__el\">\n\t\t\t\n\t\t\t\n\t\t\t<div class=\"happyforms-input\">\n\t\t\t\t\n\t\t\t\t<input id=\"happyforms-488_single_line_text_12\" type=\"text\" name=\"488_single_line_text_12\" value=\"\" placeholder=\"Av El Ejemplo 123, Coyhaique, Regi\u00f3n de Ays\u00e9n\" autocomplete=\"off\" spellcheck=\"false\"  autocorrect=\"off\" \/>\n\t\t\t\t\t\t\t<\/div>\n\n\t\t\t\n\t\t\t\n\t\t\t\t\t<\/div>\n\t<\/div>\n<\/div>\n<div class=\"happyforms-form__part happyforms-part happyforms-part--single_line_text happyforms-part--width-full happyforms-part--label-show\" id=\"happyforms-488_single_line_text_13-part\" data-happyforms-type=\"single_line_text\" data-happyforms-id=\"single_line_text_13\">\n\t<div class=\"happyforms-part-wrap\">\n\t\t\n\t\t\t\t\t\t<div class=\"happyforms-part__label-container\">\n\t\t\t\t<label for=\"happyforms-488_single_line_text_13\" class=\"happyforms-part__label\">\n\t\t\t<span class=\"label\">\u00bfY su destino?<\/span>\n\t\t\t\t\t\t\t\t\t\t<span class=\"happyforms-required\">(obligatorio)<\/span>\n\t\t\t\t\t\t\t\t\t\t<span class=\"happyforms-optional\"><\/span>\n\t\t\t\t\t<\/label>\n\t\t\t<\/div>\n\t\t\t\n\t\t\n\t\t<div class=\"happyforms-part__el\">\n\t\t\t\n\t\t\t\n\t\t\t<div class=\"happyforms-input\">\n\t\t\t\t\n\t\t\t\t<input id=\"happyforms-488_single_line_text_13\" type=\"text\" name=\"488_single_line_text_13\" value=\"\" placeholder=\"Av El Segundo 123, Coyhaique, Regi\u00f3n de Ays\u00e9n\" autocomplete=\"off\" spellcheck=\"false\"  autocorrect=\"off\" \/>\n\t\t\t\t\t\t\t<\/div>\n\n\t\t\t\n\t\t\t\n\t\t\t\t\t<\/div>\n\t<\/div>\n<\/div>\n<div class=\"happyforms-form__part happyforms-part happyforms-part--multi_line_text happyforms-part--width-full happyforms-part--label-show\" id=\"happyforms-488_multi_line_text_5-part\" data-happyforms-type=\"multi_line_text\" data-happyforms-id=\"multi_line_text_5\">\n\t<div class=\"happyforms-part-wrap\">\n\t\t\t\t\t\t<div class=\"happyforms-part__label-container\">\n\t\t\t\t<label for=\"happyforms-488_multi_line_text_5\" class=\"happyforms-part__label\">\n\t\t\t<span class=\"label\">Comentarios<\/span>\n\t\t\t\t\t\t\t\t\t\t<span class=\"happyforms-required\">(obligatorio)<\/span>\n\t\t\t\t\t\t\t\t\t\t<span class=\"happyforms-optional\"><\/span>\n\t\t\t\t\t<\/label>\n\t\t\t<\/div>\n\t\t\t\n\t\t<span class=\"happyforms-part__description\">Ac\u00e1 puede a\u00f1adir m\u00e1s informaci\u00f3n relevante para su cotizaci\u00f3n.<\/span>\n\t\t<div class=\"happyforms-part__el\">\n\t\t\t\n\t\t\t\t\t\t<textarea id=\"happyforms-488_multi_line_text_5\" name=\"488_multi_line_text_5\" rows=\"5\" placeholder=\"Cu\u00e9ntenos m\u00e1s detalles respecto del proyecto que desea cotizar.\" autocomplete=\"off\" spellcheck=\"false\" autocorrect=\"off\" ><\/textarea>\n\t\t\t\n\t\t\t\n\t\t\t\t\t<\/div>\n\t<\/div>\n<\/div>\n\t\t\t\t\t\t<div class=\"happyforms-form__part happyforms-part happyforms-part--submit\">\n\t\t<button type=\"submit\" class=\"happyforms-submit happyforms-button--submit \">Enviar cotizaci\u00f3n<\/button>\n\t<\/div>\t\t<\/div>\n\n\t\t\t<\/form>\n\n\t<\/div>\n\n\n\n<div class=\"wp-block-image\"><figure class=\"aligncenter size-large is-resized\"><img loading=\"lazy\" decoding=\"async\" src=\"https:\/\/hi-transportes.com\/wp-content\/uploads\/2022\/03\/logo-V7-puro-1024x522.png\" alt=\"transportes coyaique carga\" class=\"wp-image-457\" width=\"559\" height=\"285\" srcset=\"https:\/\/hi-transportes.com\/wp-content\/uploads\/2022\/03\/logo-V7-puro-1024x522.png 1024w, https:\/\/hi-transportes.com\/wp-content\/uploads\/2022\/03\/logo-V7-puro-300x153.png 300w, https:\/\/hi-transportes.com\/wp-content\/uploads\/2022\/03\/logo-V7-puro-768x391.png 768w, https:\/\/hi-transportes.com\/wp-content\/uploads\/2022\/03\/logo-V7-puro-1536x783.png 1536w, https:\/\/hi-transportes.com\/wp-content\/uploads\/2022\/03\/logo-V7-puro-2048x1044.png 2048w\" sizes=\"auto, (max-width: 559px) 100vw, 559px\" \/><\/figure><\/div>\n\n\n\n<p><\/p>\n","protected":false},"excerpt":{"rendered":"","protected":false},"author":1,"featured_media":0,"parent":0,"menu_order":0,"comment_status":"closed","ping_status":"closed","template":"","meta":{"neve_meta_sidebar":"full-width","neve_meta_container":"","neve_meta_enable_content_width":"on","neve_meta_content_width":100,"neve_meta_title_alignment":"","neve_meta_author_avatar":"","neve_post_elements_order":"","neve_meta_disable_header":"","neve_meta_disable_footer":"","neve_meta_disable_title":"on","_ti_tpc_template_sync":false,"_ti_tpc_template_id":"t3x60x1arljpehhy6mr6","footnotes":""},"class_list":["post-69","page","type-page","status-publish","hentry"],"_links":{"self":[{"href":"https:\/\/hi-transportes.com\/index.php\/wp-json\/wp\/v2\/pages\/69","targetHints":{"allow":["GET"]}}],"collection":[{"href":"https:\/\/hi-transportes.com\/index.php\/wp-json\/wp\/v2\/pages"}],"about":[{"href":"https:\/\/hi-transportes.com\/index.php\/wp-json\/wp\/v2\/types\/page"}],"author":[{"embeddable":true,"href":"https:\/\/hi-transportes.com\/index.php\/wp-json\/wp\/v2\/users\/1"}],"replies":[{"embeddable":true,"href":"https:\/\/hi-transportes.com\/index.php\/wp-json\/wp\/v2\/comments?post=69"}],"version-history":[{"count":4,"href":"https:\/\/hi-transportes.com\/index.php\/wp-json\/wp\/v2\/pages\/69\/revisions"}],"predecessor-version":[{"id":491,"href":"https:\/\/hi-transportes.com\/index.php\/wp-json\/wp\/v2\/pages\/69\/revisions\/491"}],"wp:attachment":[{"href":"https:\/\/hi-transportes.com\/index.php\/wp-json\/wp\/v2\/media?parent=69"}],"curies":[{"name":"wp","href":"https:\/\/api.w.org\/{rel}","templated":true}]}}